{"id":26,"date":"2011-04-29T15:49:27","date_gmt":"2011-04-29T13:49:27","guid":{"rendered":"http:\/\/www.arnold-deutsch.de\/lotz\/?page_id=26"},"modified":"2025-09-19T11:29:55","modified_gmt":"2025-09-19T09:29:55","slug":"impressum","status":"publish","type":"page","link":"https:\/\/www.verkehrsanwalt-bochum.de\/?page_id=26","title":{"rendered":"Impressum"},"content":{"rendered":"<p><em><strong>Bildnachweis<\/strong><\/em><\/p>\n<p>Banner &#8222;Startseite&#8220;:\u00a0<em>\u00a9 Paul, mit freundlicher Unterst\u00fctzung der Firma Alpine Tiger Center<\/em><\/p>\n<p>Banner &#8222;Unfallschaden&#8220;:\u00a0<em>\u00a9 Lotz (links),\u00a0<em>\u00a9 Paul, mit freundlicher Unterst\u00fctzung der Firma Alpine Tiger Center (Mitte),\u00a0<em>\u00a9 verkehrsanwaelte.de (rechts)<\/em><\/em><\/em><\/p>\n<p>Banner &#8222;Verkehrsstrafrecht&#8220;:\u00a0<em>\u00a9 Visual Concepts-fotolia.com (links),\u00a0<em>\u00a9 Sidan-fotolia.com (Mitte),\u00a0<em>\u00a9 Paul (rechts)<\/em><\/em><\/em><\/p>\n<p>Banner &#8222;Bu\u00dfgeldrecht&#8220;:\u00a0<em>\u00a9 toolklickit-fotolia.com (links), <em><em><em><em>\u00a9 <\/em><\/em><\/em>Paul (Mitte),\u00a0<em><em><em>\u00a9 verkehrsanwaelte.de (rechts)<\/em><\/em><\/em><\/em><\/em><\/p>\n<p>Banner &#8222;Guter Rat&#8220;:\u00a0<em><em>\u00a9 Paul (links),\u00a0<em><em>\u00a9 Paul (Mitte),\u00a0<em><em>\u00a9 Paul (rechts)<\/em><\/em><\/em><\/em><\/em><\/em><\/p>\n<p>Banner &#8222;Formulare&#8220;: \u00a0<em>\u00a9 shoot4u-fotolia.com (links),\u00a0<em><em>\u00a9 Paul (Mitte), <\/em><\/em><em>\u00a9 Spectral-Design-fotolia.com (rechts)<\/em><\/em><\/p>\n<p>Banner &#8222;Partner&#8220;:\u00a0<em>\u00a9 cidepix-fotolia.com (links),\u00a0<em><em><em><em>\u00a9 verkehrsanwaelte.de (rechts)<\/em><\/em><\/em><\/em><\/em><\/p>\n<p>Banner &#8222;Anfahrt&#8220;:\u00a0<em>\u00a9 derhajoe-fotolia.com (links),\u00a0<em>\u00a9 Lotz (rechts)<\/em><\/em><\/p>\n<p>Banner &#8222;Geb\u00fchren&#8220;:\u00a0<em>\u00a9 Sanders-fotolia.com (links),\u00a0<em>\u00a9 Sanders-fotolia.com (Mitte),\u00a0<em>\u00a9 Primabild-fotolia.com (rechts)<\/em><\/em><\/em><\/p>\n<p><em><em><em>Banner &#8222;Impressum&#8220;:\u00a0<em>\u00a9 Paul, mit freundlicher Unterst\u00fctzung der Firma Alpine Tiger Center (links),\u00a0<em><em><em><em>\u00a9 Paul (Mitte), <em><em><em><em>\u00a9 Paul (rechts)<\/em><\/em><\/em><\/em><\/em><\/em><\/em><\/em><\/em><\/em><\/em><\/em><\/p>\n<p><em><em><em><em><em><em><em><em><em><em><em><em>\u00a0<\/em><\/em><\/em><\/em><\/em><\/em><\/em><\/em><\/em><\/em><\/em><\/em><\/p>\n<p><em><strong>Redaktionssystem:<\/strong><\/em><\/p>\n<p>WordPress<\/p>\n<h2><em><span style=\"font-family: Verdana,Arial,Helvetica,sans-serif; font-size: small;\">Anbieter gem. TMG: <\/span><\/em><\/h2>\n<p><span style=\"font-family: Verdana,Arial,Helvetica,sans-serif; font-size: x-small;\">Rechtsanwalt und Fachanwalt Christoph Lotz<br \/>\nRechtsanwalt nach dem Recht der Bundesrepublik Deutschland<br \/>\nSt\u00fchmeyerstr. 16<br \/>\nD-44787 Bochum<\/span><\/p>\n<p><span style=\"font-family: Verdana,Arial,Helvetica,sans-serif; font-size: x-small;\"><strong>Verantwortlicher Redakteur: <\/strong><br \/>\nChristoph Lotz<\/span><\/p>\n<p><span style=\"font-family: Verdana,Arial,Helvetica,sans-serif; font-size: x-small;\"><strong>Telefon, Fax &amp; eMail:<\/strong><br \/>\n0234\/4524210, kanzlei(at)jusweb.info<\/span><\/p>\n<p><strong>Zust\u00e4ndige Rechtsanwaltskammer:<\/strong><\/p>\n<p><span style=\"font-family: Verdana,Arial,Helvetica,sans-serif; font-size: x-small;\"> Rechtsanwaltskammer f\u00fcr den Oberlandesgerichtsbezirk Hamm<br \/>\nOstenallee 18<br \/>\n59063 Hamm <\/span><\/p>\n<p><strong><span style=\"font-family: Verdana,Arial,Helvetica,sans-serif; font-size: x-small;\">Verm\u00f6gensschadens-Haftpflichtversicherung: <\/span><\/strong><\/p>\n<p><span style=\"font-family: Verdana,Arial,Helvetica,sans-serif; font-size: x-small;\">Ergo Versicherung AG, Victoriaplatz 1, 40477 D\u00fcsseldorf, der r\u00e4umliche Geltungsbereich des Versicherungsschutzes umfasst das gesamte EU-Gebiet und die Staaten des Abkommens \u00fcber den europ\u00e4ischen Wirtschaftsraum. \u00a0<\/span><\/p>\n<p><span style=\"font-family: Verdana, Arial, Helvetica, sans-serif; font-size: x-small; line-height: 19px;\">Die f\u00fcr Rechtsanw\u00e4lte <\/span><strong style=\"font-family: Verdana, Arial, Helvetica, sans-serif; font-size: x-small; line-height: 19px;\">ma\u00dfgeblichen berufsrechtlichen Vorschriften<\/strong><span style=\"font-family: Verdana, Arial, Helvetica, sans-serif; font-size: x-small; line-height: 19px;\">, insbesondere<\/span><\/p>\n<p><span style=\"font-family: Verdana,Arial,Helvetica,sans-serif; font-size: x-small;\">&#8211; die Bundesrechtsanwaltsordnung, die Berufsordnung, die Fachanwaltsordnung, das Rechtsanwaltsverg\u00fctungsgesetz<\/span><\/p>\n<p><span style=\"font-family: Verdana,Arial,Helvetica,sans-serif; font-size: x-small;\">&#8211; f\u00fcr den Bereich des internationalen Rechtsverkehrs die Standesregelung der Rechtsanw\u00e4lte in der Europ\u00e4ischen Gemeinschaft.<\/span><\/p>\n<p><span style=\"font-family: Verdana,Arial,Helvetica,sans-serif; font-size: x-small;\">&#8211; F\u00fcr ausl\u00e4ndische Kolleginnen und Kollegen das &#8222;Gesetz \u00fcber die T\u00e4tigkeit europ\u00e4ischer Rechtsanw\u00e4lte in Deutschland&#8220;.<\/span><\/p>\n<p><span style=\"font-family: Verdana,Arial,Helvetica,sans-serif; font-size: x-small;\">finden Sie unter <a href=\"https:\/\/www.brak.de\/\" target=\"_blank\" rel=\"noopener noreferrer\">https:\/\/www.brak.de<\/a> (Link auf ein externes Angebot der Bundesrechtsanwaltskammer) <\/span><\/p>\n<p><span style=\"font-family: Verdana,Arial,Helvetica,sans-serif; font-size: x-small;\"><strong>Externe Links:<\/strong><br \/>\nSoweit auf durch Links auf externe Inhalte verwiesen wird, wird eine Haftung nicht \u00fcbernommen. Die Haftung f\u00fcr solche Inhalte obliegt dem jeweiligen Anbieter. <\/span><\/p>\n<p><span style=\"font-family: Verdana,Arial,Helvetica,sans-serif; font-size: x-small;\"><strong>Keine Haftung f\u00fcr Informationen:<\/strong><br \/>\nDie Inhalte auf diesen Webseiten werden mit gr\u00f6\u00dftm\u00f6glicher Sorgfalt recherchiert und bearbeitet. Gleichwohl \u00fcbernimmt der Anbieter keinerlei Haftung f\u00fcr die Richtigkeit, Vollst\u00e4ndigkeit und Aktualit\u00e4t der kostenlos bereit gestellten Informationen. <\/span><\/p>\n<p><span style=\"font-family: Verdana,Arial,Helvetica,sans-serif; font-size: x-small;\"><strong>Kommunikation \u00fcber e-Mail:<\/strong><br \/>\nKommunikation \u00fcber e-Mail kann Sicherheitsl\u00fccken aufweisen. E-Mails k\u00f6nnen von dritten Internetnutzern abgefangen und eingesehen werden. Sollten wir eine e-Mail von Ihnen erhalten, gehen wir davon aus, dass Sie mit einer Antwort ebenfalls per E-Mail einverstanden sind. Anderenfalls m\u00fcssen Sie ausdr\u00fccklich darauf hinweisen, dass von Ihnen eine andere Kommunikationsform gew\u00fcnscht wird.<\/span><\/p>\n<p><a href=\"https:\/\/www.ec.europa.eu\/consumers\/odr\/.\">Plattform der EU zur au\u00dfergerichtlichen Online-Streitbelegung <\/a>(Link auf externes Angebot der EU-Commission)<\/p>\n","protected":false},"excerpt":{"rendered":"<p>Bildnachweis Banner &#8222;Startseite&#8220;:\u00a0\u00a9 Paul, mit freundlicher Unterst\u00fctzung der Firma Alpine Tiger Center Banner &#8222;Unfallschaden&#8220;:\u00a0\u00a9 Lotz (links),\u00a0\u00a9 Paul, mit freundlicher Unterst\u00fctzung der Firma Alpine Tiger Center (Mitte),\u00a0\u00a9 verkehrsanwaelte.de (rechts) Banner &#8222;Verkehrsstrafrecht&#8220;:\u00a0\u00a9 Visual Concepts-fotolia.com (links),\u00a0\u00a9 Sidan-fotolia.com (Mitte),\u00a0\u00a9 Paul (rechts) Banner &#8222;Bu\u00dfgeldrecht&#8220;:\u00a0\u00a9 toolklickit-fotolia.com (links), \u00a9 Paul (Mitte),\u00a0\u00a9 verkehrsanwaelte.de (rechts) Banner &#8222;Guter Rat&#8220;:\u00a0\u00a9 Paul (links),\u00a0\u00a9 Paul (Mitte),\u00a0\u00a9 Paul (rechts) [&hellip;]<\/p>\n","protected":false},"author":1,"featured_media":0,"parent":0,"menu_order":0,"comment_status":"open","ping_status":"open","template":"","meta":{"footnotes":""},"class_list":["post-26","page","type-page","status-publish","hentry"],"_links":{"self":[{"href":"https:\/\/www.verkehrsanwalt-bochum.de\/index.php?rest_route=\/wp\/v2\/pages\/26","targetHints":{"allow":["GET"]}}],"collection":[{"href":"https:\/\/www.verkehrsanwalt-bochum.de\/index.php?rest_route=\/wp\/v2\/pages"}],"about":[{"href":"https:\/\/www.verkehrsanwalt-bochum.de\/index.php?rest_route=\/wp\/v2\/types\/page"}],"author":[{"embeddable":true,"href":"https:\/\/www.verkehrsanwalt-bochum.de\/index.php?rest_route=\/wp\/v2\/users\/1"}],"replies":[{"embeddable":true,"href":"https:\/\/www.verkehrsanwalt-bochum.de\/index.php?rest_route=%2Fwp%2Fv2%2Fcomments&post=26"}],"version-history":[{"count":36,"href":"https:\/\/www.verkehrsanwalt-bochum.de\/index.php?rest_route=\/wp\/v2\/pages\/26\/revisions"}],"predecessor-version":[{"id":1526,"href":"https:\/\/www.verkehrsanwalt-bochum.de\/index.php?rest_route=\/wp\/v2\/pages\/26\/revisions\/1526"}],"wp:attachment":[{"href":"https:\/\/www.verkehrsanwalt-bochum.de\/index.php?rest_route=%2Fwp%2Fv2%2Fmedia&parent=26"}],"curies":[{"name":"wp","href":"https:\/\/api.w.org\/{rel}","templated":true}]}}