{"id":28,"date":"2011-04-29T15:49:56","date_gmt":"2011-04-29T13:49:56","guid":{"rendered":"http:\/\/www.arnold-deutsch.de\/lotz\/?page_id=28"},"modified":"2025-10-08T12:54:28","modified_gmt":"2025-10-08T10:54:28","slug":"verkehrsanwalt-anwaltsgebuhren","status":"publish","type":"page","link":"https:\/\/www.verkehrsanwalt-bochum.de\/?page_id=28","title":{"rendered":"Anwaltsgeb\u00fchren."},"content":{"rendered":"<p>Viele Menschen scheuen aus Kostengr\u00fcnden den Weg zum Anwalt, weil ihnen in unz\u00e4hligen, vor allem amerikanischen Fernsehfilmen erz\u00e4hlt wird, gute Anw\u00e4lte seien unbezahlbar teuer. In Deutschland gilt jedoch das Rechtsanwaltsverg\u00fctungsgesetz (RVG), nach der auch unsere Kanzlei im Normalfall abrechnet. Dazu ein Beispiel:<\/p>\n<p>Im Privatrecht (z. B. bei Schadensersatz nach Verkehrsunfall ) richtet sich die Geb\u00fchr nach dem <strong>Gegenstandswert.<\/strong> Eine Geb\u00fchr (1,0)\u00a0 betr\u00e4gt bei einem Gegenstandswert von 5.000,00 EUR genau 354 EUR. Bei einem Wert von 50.000,00 EUR fallen 1.357 EUR an. Der Geb\u00fchrenfaktor kann sich bei langwierigen und aufwendigen Angelegenheiten auf 2,5 erh\u00f6hen. Hinzu kommen Auslagen und Umsatzsteuer (z.Z. 19%). Bei Angelegenheiten mit einem durchschnittlichen Aufwand rechnen wir mit einem Geb\u00fchrenfaktor von 1,3 ab. Weitere Kosten und Geb\u00fchren entstehen, wenn wir Ihre Anspr\u00fcche einklagen.<\/p>\n<p>Beispiel: Sie beauftragen uns, nach Ihrem Unfall Schadensersatz von 8.000,00 EUR bei der Gegenseite anzumelden, dann entstehen bei durchschnittlichem Arbeitsumfang au\u00dfergerichtlich Anwaltsgeb\u00fchren von insgesamt 848,35 EUR. Wenn der Schaden durch die Gegenseite erstattet wird, werden auch die Anwaltsgeb\u00fchren erstattet. Andernfalls tritt Ihre Rechtsschutzversicherung ein.<\/p>\n<p>In Strafsachen und in Bu\u00dfgeldangelegenheiten werden sog. <strong>Satzrahmengeb\u00fchren<\/strong> berechnet. Bestenfalls werden hier vom Tatvorwurf bei der Polizei bis zur Einstellung durch die Staatsanwaltschaft bzw. Bu\u00dfgeldbeh\u00f6rde etwa 780 Euro bzw. 650 Euro f\u00e4llig, wenn n\u00e4mlich das Verfahren bereits im Ermittlungsverfahren eingestellt wird. Wenn die Sache zum Amtsgericht geht, w\u00fcrden bei einem Termin zur Hauptverhandlung Anwaltsgeb\u00fchren von insgesamt etwa 1.300 Euro entstehen.<\/p>\n<p>Je nach Bedeutung der Angelegenheit f\u00fcr Sie und\/oder Arbeitsumfang f\u00fcr uns, k\u00f6nnen sich die Geb\u00fchren erh\u00f6hen. Hinzukommen Kopier- sowie ggf. Fahrtkosten sowie Geb\u00fchren f\u00fcr Aktenversendungen.<\/p>\n<p>Sprechen Sie uns an. Wir erstellen gerne eine Kostenkalkulation.<\/p>\n<p>Wir werden h\u00e4ufig nach den Kosten f\u00fcr eine <strong>Erstberatung <\/strong>gefragt. F\u00fcr diese Beratung gibt es keine gesetzliche Geb\u00fchrenordnung. Die Kosten halten sich mit 98,00 Euro\/ 30 Minuten im Rahmen.<\/p>\n","protected":false},"excerpt":{"rendered":"<p>Viele Menschen scheuen aus Kostengr\u00fcnden den Weg zum Anwalt, weil ihnen in unz\u00e4hligen, vor allem amerikanischen Fernsehfilmen erz\u00e4hlt wird, gute Anw\u00e4lte seien unbezahlbar teuer. In Deutschland gilt jedoch das Rechtsanwaltsverg\u00fctungsgesetz (RVG), nach der auch unsere Kanzlei im Normalfall abrechnet. Dazu ein Beispiel: Im Privatrecht (z. B. bei Schadensersatz nach Verkehrsunfall ) richtet sich die Geb\u00fchr [&hellip;]<\/p>\n","protected":false},"author":1,"featured_media":0,"parent":0,"menu_order":0,"comment_status":"open","ping_status":"open","template":"","meta":{"footnotes":""},"class_list":["post-28","page","type-page","status-publish","hentry"],"_links":{"self":[{"href":"https:\/\/www.verkehrsanwalt-bochum.de\/index.php?rest_route=\/wp\/v2\/pages\/28","targetHints":{"allow":["GET"]}}],"collection":[{"href":"https:\/\/www.verkehrsanwalt-bochum.de\/index.php?rest_route=\/wp\/v2\/pages"}],"about":[{"href":"https:\/\/www.verkehrsanwalt-bochum.de\/index.php?rest_route=\/wp\/v2\/types\/page"}],"author":[{"embeddable":true,"href":"https:\/\/www.verkehrsanwalt-bochum.de\/index.php?rest_route=\/wp\/v2\/users\/1"}],"replies":[{"embeddable":true,"href":"https:\/\/www.verkehrsanwalt-bochum.de\/index.php?rest_route=%2Fwp%2Fv2%2Fcomments&post=28"}],"version-history":[{"count":32,"href":"https:\/\/www.verkehrsanwalt-bochum.de\/index.php?rest_route=\/wp\/v2\/pages\/28\/revisions"}],"predecessor-version":[{"id":1585,"href":"https:\/\/www.verkehrsanwalt-bochum.de\/index.php?rest_route=\/wp\/v2\/pages\/28\/revisions\/1585"}],"wp:attachment":[{"href":"https:\/\/www.verkehrsanwalt-bochum.de\/index.php?rest_route=%2Fwp%2Fv2%2Fmedia&parent=28"}],"curies":[{"name":"wp","href":"https:\/\/api.w.org\/{rel}","templated":true}]}}